{"id":91,"date":"2019-02-01T00:27:02","date_gmt":"2019-02-01T02:27:02","guid":{"rendered":"http:\/\/got3.hospedagemdesites.ws\/site\/?page_id=91"},"modified":"2019-04-15T10:27:11","modified_gmt":"2019-04-15T13:27:11","slug":"compromisso","status":"publish","type":"page","link":"https:\/\/www.got.inf.br\/site\/quem-somos\/compromisso\/","title":{"rendered":"Compromisso"},"content":{"rendered":"\n<hr class=\"wp-block-separator\"\/>\n\n\n\n<p class=\"has-medium-font-size\">Termo de compromisso anticorrup\u00e7\u00e3o:<br>DECLARA\u00c7\u00c3O E COMPROMISSO ANTICORRUP\u00c7\u00c3O E PREVEN\u00c7\u00c3O DE CONFLITO DE INTERESSES<\/p>\n\n\n\n<p>OFFICE TECH TECNOLOGIA LTDA, inscrita no CNPJ sob o n\u00famero 07.366.769\/0001-77 e MIL PRINT INFORM\u00c1TICA EIRELI, inscrita no CNPJ sob o n\u00famero 23.791.227\/0001-06, por seus representantes, vem, pela presente, declarar ter conhecimento da Lei Federal 12.846\/13 (\u201cLei Anticorrup\u00e7\u00e3o\u201d) e da Lei Federal 12.813\/13 (\u201cLei de Conflito de Interesses\u201d) atestar que:<\/p>\n\n\n\n<ol><li>conduz seus neg\u00f3cios em cont\u00ednua e estrita conformidade com a legisla\u00e7\u00e3o anticorrup\u00e7\u00e3o aplic\u00e1vel, e possui mecanismos e procedimentos internos de integridade, preven\u00e7\u00e3o de conflito de interesses, auditoria e incentivo \u00e0 den\u00fancia de irregularidades e a aplica\u00e7\u00e3o efetiva de c\u00f3digos de \u00e9tica e de conduta.<\/li><li>seus conselheiros, diretores, procuradores, representantes, colaboradores, agentes ou qualquer pessoa agindo em seu nome ou das pessoas anteriormente especificadas n\u00e3o realizaram e se comprometem a n\u00e3o realizar atos lesivos assim definidos na Lei Anticorrup\u00e7\u00e3o, bem como n\u00e3o participaram e comprometem n\u00e3o participar de situa\u00e7\u00f5es previstas na Lei de Conflito de Interesses, seja em benef\u00edcio pr\u00f3prio, da Empresa ou ainda, em benef\u00edcio do Fundo Brasil-China de Coopera\u00e7\u00e3o para Expans\u00e3o da Capacidade Produtiva (doravante denominado \u201cFUNDO\u201d), representado por seu Grupo T\u00e9cnico de Trabalho, Comit\u00ea Diretivo e sua Secretaria-Executiva, bem como seus funcion\u00e1rios (\u201cObriga\u00e7\u00e3o Anticorrup\u00e7\u00e3o\u201d e \u201cObriga\u00e7\u00e3o de Preven\u00e7\u00e3o de Conflito de Interesses\u201d).<\/li><li>tem ci\u00eancia de que o FUNDO n\u00e3o admitir\u00e1 ou tolerar\u00e1 de nenhuma forma atos lesivos ou situa\u00e7\u00f5es que desrespeitem as Leis citadas e, desta forma, qualquer ato lesivo jamais ter\u00e1 aprova\u00e7\u00e3o\/consentimento do FUNDO.<\/li><li>informar\u00e1 ao FUNDO, por meio de sua Secretaria-Executiva, imediatamente, por escrito, detalhes de qualquer viola\u00e7\u00e3o relativa \u00e0 Obriga\u00e7\u00e3o Anticorrup\u00e7\u00e3o e as situa\u00e7\u00f5es que suscitem potencial conflito de interesses previstas na legisla\u00e7\u00e3o supracitada, que eventualmente venha a ocorrer, sendo que esta obriga\u00e7\u00e3o perdurar\u00e1 at\u00e9 o t\u00e9rmino do processo de an\u00e1lise para classifica\u00e7\u00e3o da(s) Cartas-Consulta(s) submetidas ao FUNDO.<\/li><li>tem ci\u00eancia e concorda que o n\u00e3o cumprimento da Obriga\u00e7\u00e3o Anticorrup\u00e7\u00e3o ou da Obriga\u00e7\u00e3o de Preven\u00e7\u00e3o de Conflito de Interesses, firmadas neste compromisso, pela Empresa pode causar o imediato t\u00e9rmino do processo de an\u00e1lise para classifica\u00e7\u00e3o da(s) Cartas-Consulta(s) submetidas ao FUNDO.<\/li><\/ol>\n\n\n\n<p>Vit\u00f3ria \u2013 ES, 02 de janeiro de 2016.<\/p>\n\n\n\n<p>Fausto Queir\u00f3s de S\u00e1<br>Chairman &amp; CEO<\/p>\n<!-- AddThis Advanced Settings generic via filter on the_content -->","protected":false},"excerpt":{"rendered":"<p>Termo de compromisso anticorrup\u00e7\u00e3o:DECLARA\u00c7\u00c3O E COMPROMISSO ANTICORRUP\u00c7\u00c3O E PREVEN\u00c7\u00c3O DE CONFLITO DE INTERESSES OFFICE TECH TECNOLOGIA LTDA, inscrita no CNPJ sob o n\u00famero 07.366.769\/0001-77 e MIL PRINT INFORM\u00c1TICA EIRELI, inscrita no CNPJ sob o n\u00famero 23.791.227\/0001-06, por seus representantes, vem, pela presente, declarar ter conhecimento da Lei Federal 12.846\/13 (\u201cLei Anticorrup\u00e7\u00e3o\u201d) e da Lei Federal [&#8230;]<\/p>\n<p><a class=\"btn btn-secondary understrap-read-more-link\" href=\"https:\/\/www.got.inf.br\/site\/quem-somos\/compromisso\/\">Leia mais&#8230;<span class=\"screen-reader-text\"> from Compromisso<\/span><\/a><\/p>\n<p><!-- AddThis Advanced Settings generic via filter on get_the_excerpt --><\/p>\n","protected":false},"author":1,"featured_media":248,"parent":55,"menu_order":0,"comment_status":"closed","ping_status":"closed","template":"page-templates\/right-sidebarpage.php","meta":{"_uag_custom_page_level_css":"","jetpack_post_was_ever_published":false},"uagb_featured_image_src":{"full":["https:\/\/i0.wp.com\/www.got.inf.br\/site\/wp-content\/uploads\/2019\/02\/Compromisso.jpg?fit=2998%2C788&ssl=1",2998,788,false],"thumbnail":["https:\/\/i0.wp.com\/www.got.inf.br\/site\/wp-content\/uploads\/2019\/02\/Compromisso.jpg?resize=150%2C150&ssl=1",150,150,true],"medium":["https:\/\/i0.wp.com\/www.got.inf.br\/site\/wp-content\/uploads\/2019\/02\/Compromisso.jpg?fit=300%2C79&ssl=1",300,79,true],"medium_large":["https:\/\/i0.wp.com\/www.got.inf.br\/site\/wp-content\/uploads\/2019\/02\/Compromisso.jpg?fit=640%2C168&ssl=1",640,168,true],"large":["https:\/\/i0.wp.com\/www.got.inf.br\/site\/wp-content\/uploads\/2019\/02\/Compromisso.jpg?fit=640%2C168&ssl=1",640,168,true],"1536x1536":["https:\/\/i0.wp.com\/www.got.inf.br\/site\/wp-content\/uploads\/2019\/02\/Compromisso.jpg?fit=1536%2C404&ssl=1",1536,404,true],"2048x2048":["https:\/\/i0.wp.com\/www.got.inf.br\/site\/wp-content\/uploads\/2019\/02\/Compromisso.jpg?fit=2048%2C538&ssl=1",2048,538,true],"jetpack-portfolio-admin-thumb":["https:\/\/i0.wp.com\/www.got.inf.br\/site\/wp-content\/uploads\/2019\/02\/Compromisso.jpg?resize=50%2C50&ssl=1",50,50,true]},"uagb_author_info":{"display_name":"admin","author_link":"https:\/\/www.got.inf.br\/site\/author\/admin\/"},"uagb_comment_info":0,"uagb_excerpt":"Termo de compromisso anticorrup\u00e7\u00e3o:DECLARA\u00c7\u00c3O E COMPROMISSO ANTICORRUP\u00c7\u00c3O E PREVEN\u00c7\u00c3O DE CONFLITO DE INTERESSES OFFICE TECH TECNOLOGIA LTDA, inscrita no CNPJ sob o n\u00famero 07.366.769\/0001-77 e MIL PRINT INFORM\u00c1TICA EIRELI, inscrita no CNPJ sob o n\u00famero 23.791.227\/0001-06, por seus representantes, vem, pela presente, declarar ter conhecimento da Lei Federal 12.846\/13 (\u201cLei Anticorrup\u00e7\u00e3o\u201d) e da Lei Federal&hellip;","jetpack_sharing_enabled":true,"jetpack_shortlink":"https:\/\/wp.me\/PaFYP5-1t","_links":{"self":[{"href":"https:\/\/www.got.inf.br\/site\/wp-json\/wp\/v2\/pages\/91"}],"collection":[{"href":"https:\/\/www.got.inf.br\/site\/wp-json\/wp\/v2\/pages"}],"about":[{"href":"https:\/\/www.got.inf.br\/site\/wp-json\/wp\/v2\/types\/page"}],"author":[{"embeddable":true,"href":"https:\/\/www.got.inf.br\/site\/wp-json\/wp\/v2\/users\/1"}],"replies":[{"embeddable":true,"href":"https:\/\/www.got.inf.br\/site\/wp-json\/wp\/v2\/comments?post=91"}],"version-history":[{"count":17,"href":"https:\/\/www.got.inf.br\/site\/wp-json\/wp\/v2\/pages\/91\/revisions"}],"predecessor-version":[{"id":713,"href":"https:\/\/www.got.inf.br\/site\/wp-json\/wp\/v2\/pages\/91\/revisions\/713"}],"up":[{"embeddable":true,"href":"https:\/\/www.got.inf.br\/site\/wp-json\/wp\/v2\/pages\/55"}],"wp:featuredmedia":[{"embeddable":true,"href":"https:\/\/www.got.inf.br\/site\/wp-json\/wp\/v2\/media\/248"}],"wp:attachment":[{"href":"https:\/\/www.got.inf.br\/site\/wp-json\/wp\/v2\/media?parent=91"}],"curies":[{"name":"wp","href":"https:\/\/api.w.org\/{rel}","templated":true}]}}