{"id":89,"date":"2019-02-01T00:26:46","date_gmt":"2019-02-01T02:26:46","guid":{"rendered":"http:\/\/got3.hospedagemdesites.ws\/site\/?page_id=89"},"modified":"2019-06-04T15:27:10","modified_gmt":"2019-06-04T18:27:10","slug":"estrutura","status":"publish","type":"page","link":"https:\/\/www.got.inf.br\/site\/quem-somos\/estrutura\/","title":{"rendered":"Estrutura"},"content":{"rendered":"\n<hr class=\"wp-block-separator\"\/>\n\n\n\n<div class=\"is-layout-flex wp-container-3 wp-block-columns has-2-columns\">\n<div class=\"is-layout-flow wp-block-column\">\n<p class=\"has-text-color has-medium-font-size has-very-dark-gray-color\">Com matriz em Sede Pr\u00f3pria na cidade de Vit\u00f3ria \u2013 ES e parceiros em todos os Estados do Brasil n\u00f3s estamos aptos e autorizados a comercializar, prestar servi\u00e7os de manuten\u00e7\u00e3o e garantia em todos os equipamentos da marca Lexmark. Atendemos do Oiapoque ao Chui. apoiado pela estrutura T\u00e9cnica oficial da Lexmark Internacional do Brasil.<\/p>\n\n\n\n<p><\/p>\n<\/div>\n\n\n\n<div class=\"is-layout-flow wp-block-column\"><\/div>\n<\/div>\n\n\n\n<hr class=\"wp-block-separator\"\/>\n<!-- AddThis Advanced Settings generic via filter on the_content -->","protected":false},"excerpt":{"rendered":"<p>Com matriz em Sede Pr\u00f3pria na cidade de Vit\u00f3ria \u2013 ES e parceiros em todos os Estados do Brasil n\u00f3s estamos aptos e autorizados a comercializar, prestar servi\u00e7os de manuten\u00e7\u00e3o e garantia em todos os equipamentos da marca Lexmark. Atendemos do Oiapoque ao Chui. apoiado pela estrutura T\u00e9cnica oficial da Lexmark Internacional do Brasil. [&#8230;]<\/p>\n<p><a class=\"btn btn-secondary understrap-read-more-link\" href=\"https:\/\/www.got.inf.br\/site\/quem-somos\/estrutura\/\">Leia mais&#8230;<span class=\"screen-reader-text\"> from Estrutura<\/span><\/a><\/p>\n<p><!-- AddThis Advanced Settings generic via filter on get_the_excerpt --><\/p>\n","protected":false},"author":1,"featured_media":775,"parent":55,"menu_order":0,"comment_status":"closed","ping_status":"closed","template":"","meta":{"_uag_custom_page_level_css":"","jetpack_post_was_ever_published":false},"uagb_featured_image_src":{"full":["https:\/\/i0.wp.com\/www.got.inf.br\/site\/wp-content\/uploads\/2019\/06\/Estrutura3.jpg?fit=2100%2C804&ssl=1",2100,804,false],"thumbnail":["https:\/\/i0.wp.com\/www.got.inf.br\/site\/wp-content\/uploads\/2019\/06\/Estrutura3.jpg?resize=150%2C150&ssl=1",150,150,true],"medium":["https:\/\/i0.wp.com\/www.got.inf.br\/site\/wp-content\/uploads\/2019\/06\/Estrutura3.jpg?fit=300%2C115&ssl=1",300,115,true],"medium_large":["https:\/\/i0.wp.com\/www.got.inf.br\/site\/wp-content\/uploads\/2019\/06\/Estrutura3.jpg?fit=640%2C245&ssl=1",640,245,true],"large":["https:\/\/i0.wp.com\/www.got.inf.br\/site\/wp-content\/uploads\/2019\/06\/Estrutura3.jpg?fit=640%2C245&ssl=1",640,245,true],"1536x1536":["https:\/\/i0.wp.com\/www.got.inf.br\/site\/wp-content\/uploads\/2019\/06\/Estrutura3.jpg?fit=1536%2C588&ssl=1",1536,588,true],"2048x2048":["https:\/\/i0.wp.com\/www.got.inf.br\/site\/wp-content\/uploads\/2019\/06\/Estrutura3.jpg?fit=2048%2C784&ssl=1",2048,784,true],"jetpack-portfolio-admin-thumb":["https:\/\/i0.wp.com\/www.got.inf.br\/site\/wp-content\/uploads\/2019\/06\/Estrutura3.jpg?resize=50%2C50&ssl=1",50,50,true]},"uagb_author_info":{"display_name":"admin","author_link":"https:\/\/www.got.inf.br\/site\/author\/admin\/"},"uagb_comment_info":0,"uagb_excerpt":"Com matriz em Sede Pr\u00f3pria na cidade de Vit\u00f3ria \u2013 ES e parceiros em todos os Estados do Brasil n\u00f3s estamos aptos e autorizados a comercializar, prestar servi\u00e7os de manuten\u00e7\u00e3o e garantia em todos os equipamentos da marca Lexmark. Atendemos do Oiapoque ao Chui. apoiado pela estrutura T\u00e9cnica oficial da Lexmark Internacional do Brasil. [...]Leia&hellip;","jetpack_sharing_enabled":true,"jetpack_shortlink":"https:\/\/wp.me\/PaFYP5-1r","_links":{"self":[{"href":"https:\/\/www.got.inf.br\/site\/wp-json\/wp\/v2\/pages\/89"}],"collection":[{"href":"https:\/\/www.got.inf.br\/site\/wp-json\/wp\/v2\/pages"}],"about":[{"href":"https:\/\/www.got.inf.br\/site\/wp-json\/wp\/v2\/types\/page"}],"author":[{"embeddable":true,"href":"https:\/\/www.got.inf.br\/site\/wp-json\/wp\/v2\/users\/1"}],"replies":[{"embeddable":true,"href":"https:\/\/www.got.inf.br\/site\/wp-json\/wp\/v2\/comments?post=89"}],"version-history":[{"count":6,"href":"https:\/\/www.got.inf.br\/site\/wp-json\/wp\/v2\/pages\/89\/revisions"}],"predecessor-version":[{"id":778,"href":"https:\/\/www.got.inf.br\/site\/wp-json\/wp\/v2\/pages\/89\/revisions\/778"}],"up":[{"embeddable":true,"href":"https:\/\/www.got.inf.br\/site\/wp-json\/wp\/v2\/pages\/55"}],"wp:featuredmedia":[{"embeddable":true,"href":"https:\/\/www.got.inf.br\/site\/wp-json\/wp\/v2\/media\/775"}],"wp:attachment":[{"href":"https:\/\/www.got.inf.br\/site\/wp-json\/wp\/v2\/media?parent=89"}],"curies":[{"name":"wp","href":"https:\/\/api.w.org\/{rel}","templated":true}]}}