{"id":87,"date":"2019-02-01T00:26:35","date_gmt":"2019-02-01T02:26:35","guid":{"rendered":"http:\/\/got3.hospedagemdesites.ws\/site\/?page_id=87"},"modified":"2019-05-31T14:42:19","modified_gmt":"2019-05-31T17:42:19","slug":"fabricantes","status":"publish","type":"page","link":"https:\/\/www.got.inf.br\/site\/quem-somos\/fabricantes\/","title":{"rendered":"Fabricantes"},"content":{"rendered":"\n<hr class=\"wp-block-separator\"\/>\n\n\n\n<div class=\"is-layout-flex wp-container-3 wp-block-columns has-2-columns\">\n<div class=\"is-layout-flow wp-block-column\">\n<p class=\"has-text-color has-medium-font-size has-very-dark-gray-color\">O Grupo Office Tech \u00e9 atualmente Revendedor Autorizado e Assist\u00eancia T\u00e9cnica Credenciada da  maior e mais confi\u00e1vel fabricante de impressoras e multifuncionais do mundo, Lexmark, estando presente em todos os Estados Brasileiros.<\/p>\n<\/div>\n\n\n\n<div class=\"is-layout-flow wp-block-column\"><\/div>\n<\/div>\n\n\n\n<hr class=\"wp-block-separator\"\/>\n<!-- AddThis Advanced Settings generic via filter on the_content -->","protected":false},"excerpt":{"rendered":"<p>O Grupo Office Tech \u00e9 atualmente Revendedor Autorizado e Assist\u00eancia T\u00e9cnica Credenciada da maior e mais confi\u00e1vel fabricante de impressoras e multifuncionais do mundo, Lexmark, estando presente em todos os Estados Brasileiros. [&#8230;]<\/p>\n<p><a class=\"btn btn-secondary understrap-read-more-link\" href=\"https:\/\/www.got.inf.br\/site\/quem-somos\/fabricantes\/\">Leia mais&#8230;<span class=\"screen-reader-text\"> from Fabricantes<\/span><\/a><\/p>\n<p><!-- AddThis Advanced Settings generic via filter on get_the_excerpt --><\/p>\n","protected":false},"author":1,"featured_media":765,"parent":55,"menu_order":0,"comment_status":"closed","ping_status":"closed","template":"","meta":{"_uag_custom_page_level_css":"","jetpack_post_was_ever_published":false},"uagb_featured_image_src":{"full":["https:\/\/i0.wp.com\/www.got.inf.br\/site\/wp-content\/uploads\/2019\/05\/Banner-MarcasLexmark.jpg?fit=2101%2C781&ssl=1",2101,781,false],"thumbnail":["https:\/\/i0.wp.com\/www.got.inf.br\/site\/wp-content\/uploads\/2019\/05\/Banner-MarcasLexmark.jpg?resize=150%2C150&ssl=1",150,150,true],"medium":["https:\/\/i0.wp.com\/www.got.inf.br\/site\/wp-content\/uploads\/2019\/05\/Banner-MarcasLexmark.jpg?fit=300%2C112&ssl=1",300,112,true],"medium_large":["https:\/\/i0.wp.com\/www.got.inf.br\/site\/wp-content\/uploads\/2019\/05\/Banner-MarcasLexmark.jpg?fit=640%2C238&ssl=1",640,238,true],"large":["https:\/\/i0.wp.com\/www.got.inf.br\/site\/wp-content\/uploads\/2019\/05\/Banner-MarcasLexmark.jpg?fit=640%2C238&ssl=1",640,238,true],"1536x1536":["https:\/\/i0.wp.com\/www.got.inf.br\/site\/wp-content\/uploads\/2019\/05\/Banner-MarcasLexmark.jpg?fit=1536%2C571&ssl=1",1536,571,true],"2048x2048":["https:\/\/i0.wp.com\/www.got.inf.br\/site\/wp-content\/uploads\/2019\/05\/Banner-MarcasLexmark.jpg?fit=2048%2C761&ssl=1",2048,761,true],"jetpack-portfolio-admin-thumb":["https:\/\/i0.wp.com\/www.got.inf.br\/site\/wp-content\/uploads\/2019\/05\/Banner-MarcasLexmark.jpg?resize=50%2C50&ssl=1",50,50,true]},"uagb_author_info":{"display_name":"admin","author_link":"https:\/\/www.got.inf.br\/site\/author\/admin\/"},"uagb_comment_info":0,"uagb_excerpt":"O Grupo Office Tech \u00e9 atualmente Revendedor Autorizado e Assist\u00eancia T\u00e9cnica Credenciada da maior e mais confi\u00e1vel fabricante de impressoras e multifuncionais do mundo, Lexmark, estando presente em todos os Estados Brasileiros. [...]Leia mais... from Fabricantes","jetpack_sharing_enabled":true,"jetpack_shortlink":"https:\/\/wp.me\/PaFYP5-1p","_links":{"self":[{"href":"https:\/\/www.got.inf.br\/site\/wp-json\/wp\/v2\/pages\/87"}],"collection":[{"href":"https:\/\/www.got.inf.br\/site\/wp-json\/wp\/v2\/pages"}],"about":[{"href":"https:\/\/www.got.inf.br\/site\/wp-json\/wp\/v2\/types\/page"}],"author":[{"embeddable":true,"href":"https:\/\/www.got.inf.br\/site\/wp-json\/wp\/v2\/users\/1"}],"replies":[{"embeddable":true,"href":"https:\/\/www.got.inf.br\/site\/wp-json\/wp\/v2\/comments?post=87"}],"version-history":[{"count":7,"href":"https:\/\/www.got.inf.br\/site\/wp-json\/wp\/v2\/pages\/87\/revisions"}],"predecessor-version":[{"id":770,"href":"https:\/\/www.got.inf.br\/site\/wp-json\/wp\/v2\/pages\/87\/revisions\/770"}],"up":[{"embeddable":true,"href":"https:\/\/www.got.inf.br\/site\/wp-json\/wp\/v2\/pages\/55"}],"wp:featuredmedia":[{"embeddable":true,"href":"https:\/\/www.got.inf.br\/site\/wp-json\/wp\/v2\/media\/765"}],"wp:attachment":[{"href":"https:\/\/www.got.inf.br\/site\/wp-json\/wp\/v2\/media?parent=87"}],"curies":[{"name":"wp","href":"https:\/\/api.w.org\/{rel}","templated":true}]}}