{"id":85,"date":"2019-02-01T00:26:20","date_gmt":"2019-02-01T02:26:20","guid":{"rendered":"http:\/\/got3.hospedagemdesites.ws\/site\/?page_id=85"},"modified":"2019-07-05T14:57:36","modified_gmt":"2019-07-05T17:57:36","slug":"o-grupo","status":"publish","type":"page","link":"https:\/\/www.got.inf.br\/site\/quem-somos\/o-grupo\/","title":{"rendered":"O Grupo"},"content":{"rendered":"\n<hr class=\"wp-block-separator\"\/>\n\n\n\n<div class=\"is-layout-flex wp-container-3 wp-block-columns has-2-columns\">\n<div class=\"is-layout-flow wp-block-column\">\n<p><\/p>\n<\/div>\n\n\n\n<div class=\"is-layout-flow wp-block-column\">\n<p><\/p>\n<\/div>\n<\/div>\n\n\n\n<p style=\"color:#117f57\" class=\"has-text-color has-medium-font-size\"><strong>Al\u00e9m da impress\u00e3o<\/strong><\/p>\n\n\n\n<p>Fundado\nem 2005 o Grupo Office Tech, formado pelas empresas Office Tech Tecnologia\n(2005) e Mil Print Inform\u00e1tica (2015), &nbsp;vem se consolidando no mercado\nnacional, atuando nos mercados Governo e Corporativo, com foco na excel\u00eancia do\natendimento aos seus clientes e determina\u00e7\u00e3o para atingir as suas metas.<br>\n<br>\nProfissionalismo, \u00c9tica, Responsabilidade e Transpar\u00eancia norteiam nossos\nprocessos.<br>\n<br>\nN\u00f3s, os funcion\u00e1rios, fazemos a Office Tech \u2013 uma companhia Nacional emergente\nde tecnologia de informa\u00e7\u00e3o.<\/p>\n\n\n\n<p>N\u00f3s\ntemos uma vis\u00e3o: Ter Clientes para Toda a Vida! Para ganhar a lealdade dos\nnossos clientes, devemos escut\u00e1-los, antecipar suas necessidades, e agir para\ncriar valores diante de seus olhos.<\/p>\n\n\n\n<p>N\u00f3s\nqueremos ser conhecidos pela confiabilidade, flexibilidade e agilidade; pelos\nprodutos e servi\u00e7os inovadores que oferecemos e como um exemplo de cidadania. O\ncrescimento, a longevidade e o sucesso financeiro vir\u00e3o naturalmente.<\/p>\n\n\n\n<p>N\u00f3s faremos isto acontecer em um ambiente de crescente confian\u00e7a coopera\u00e7\u00e3o e respeito m\u00fatuo.<\/p>\n\n\n\n<hr class=\"wp-block-separator\"\/>\n\n\n\n<p style=\"color:#117f55\" class=\"has-text-color has-medium-font-size\"><strong>Objetivos Estrat\u00e9gicos<\/strong><\/p>\n\n\n\n<p><strong>Crescimento Rent\u00e1vel<\/strong><\/p>\n\n\n\n<p><strong>Produtos e Servi\u00e7os Superiores e Satisfa\u00e7\u00e3o dos Clientes<\/strong><\/p>\n\n\n\n<p><strong>Lideran\u00e7a em Inova\u00e7\u00e3o e Tecnologia<\/strong><\/p>\n\n\n\n<p><strong>Marcas L\u00edderes<\/strong><\/p>\n\n\n\n<p><strong>Excel\u00eancia Operacional<\/strong><\/p>\n\n\n\n<hr class=\"wp-block-separator\"\/>\n\n\n\n<p style=\"color:#117f55\" class=\"has-text-color has-medium-font-size\"><strong>Nossa Miss\u00e3o<\/strong><\/p>\n\n\n\n<p>Oferecer ao mercado solu\u00e7\u00f5es adequadas a custos competitivos, garantindo-lhes maximiza\u00e7\u00e3o de qualidade e dos processos, proporcionar o desenvolvimento dos nossos empregados e colaboradores buscando refer\u00eancia nacional no segmento e lucratividade para os acionistas e parceiros de neg\u00f3cios, sempre atrav\u00e9s de diferenciais cultivados pela empresa.<\/p>\n\n\n\n<hr class=\"wp-block-separator\"\/>\n\n\n\n<p style=\"color:#117f55\" class=\"has-text-color has-medium-font-size\"><strong>Valores<\/strong><\/p>\n\n\n\n<p><strong>\u00c9tica<\/strong><\/p>\n\n\n\n<p><strong>Integridade<\/strong><\/p>\n\n\n\n<p><strong>Respeito \u00e0s pessoas<\/strong><\/p>\n\n\n\n<p><strong>Transpar\u00eancia<\/strong><\/p>\n\n\n\n<p><strong>Compromisso com os resultados<\/strong><\/p>\n\n\n\n<hr class=\"wp-block-separator\"\/>\n\n\n\n<p style=\"color:#117f55\" class=\"has-text-color has-medium-font-size\"><strong>Vis\u00e3o<\/strong><\/p>\n\n\n\n<p>Ser\nreconhecida como uma das melhores empresas brasileiras do ramo em que atua,\nagregando produtividade e valor aos neg\u00f3cios dos seus clientes e\nresponsabilidade s\u00f3cio ambientais<\/p>\n\n\n\n<p style=\"color:#117f55\" class=\"has-text-color has-medium-font-size\"><strong>Pol\u00edtica de Qualidade<\/strong><\/p>\n\n\n\n<hr class=\"wp-block-separator\"\/>\n\n\n\n<p>Buscar a satisfa\u00e7\u00e3o do cliente, trabalhando sempre com os melhores produtos, cumprindo os prazos estabelecidos, aprimorando nossos profissionais, respeitando a \u00e9tica, a sociedade e o meio ambiente.<\/p>\n\n\n\n<hr class=\"wp-block-separator\"\/>\n\n\n\n<p style=\"color:#117f55\" class=\"has-text-color has-medium-font-size\"><strong>Valores do Grupo<\/strong><\/p>\n\n\n\n<p>Esses valores s\u00e3o fundamentos que dever\u00e3o ser seguidos por todos os funcion\u00e1rios da empresa. Eles s\u00e3o o alicerce da nossa vis\u00e3o. Como funcion\u00e1rios da Lexmark, tentaremos sempre agir de uma maneira consistente com estes valores e estaremos abertos a dar e receber conselhos para manter nosso comportamento consistente com eles.<\/p>\n\n\n\n<hr class=\"wp-block-separator\"\/>\n\n\n\n<p style=\"color:#117f55\" class=\"has-text-color has-medium-font-size\"><strong>Compromisso com o Cliente<\/strong><\/p>\n\n\n\n<p>Os clientes s\u00e3o chave \u2013 eles devem ser o foco de tudo o que fazemos. Todo nosso trabalho deve ser feito tendo sempre o cliente em mente, seja ele interno ou externo. A satisfa\u00e7\u00e3o do cliente \u00e9 a prioridade n\u00famero um de cada funcion\u00e1rio e o prop\u00f3sito de cada trabalho. Efic\u00e1cia de custos e realiza\u00e7\u00e3o constante da satisfa\u00e7\u00e3o do cliente s\u00e3o os fundamentos do nosso neg\u00f3cio.<\/p>\n\n\n\n<hr class=\"wp-block-separator\"\/>\n\n\n\n<p style=\"color:#117f55\" class=\"has-text-color has-medium-font-size\"><strong>Satisfa\u00e7\u00e3o do Funcion\u00e1rio<\/strong><\/p>\n\n\n\n<p>Nosso pessoal \u00e9 o nosso futuro. Devemos nos esfor\u00e7ar para atingir o m\u00e1ximo de contribui\u00e7\u00e3o dos funcion\u00e1rios atrav\u00e9s do cumprimento de suas necessidades sempre que poss\u00edvel.<\/p>\n\n\n\n<hr class=\"wp-block-separator\"\/>\n\n\n\n<p style=\"color:#117f55\" class=\"has-text-color has-medium-font-size\"><strong>Riqueza da Corpora\u00e7\u00e3o<\/strong><\/p>\n\n\n\n<p>N\u00f3s assumimos a responsabilidade de sermos administradores eficientes de todos os recursos de nossos acionistas. Atrav\u00e9s de nosso desempenho, todos ser\u00e3o devidamente recompensados por seus investimentos.<\/p>\n\n\n\n<hr class=\"wp-block-separator\"\/>\n\n\n\n<p style=\"color:#117f55\" class=\"has-text-color has-medium-font-size\"><strong>Cidadania da Corpora\u00e7\u00e3o<\/strong><\/p>\n\n\n\n<p>N\u00f3s somos respons\u00e1veis pelas comunidades nas quais vivemos e trabalhamos, pelo meio-ambiente assim como pela comunidade mundial.<\/p>\n\n\n\n<hr class=\"wp-block-separator\"\/>\n\n\n\n<p style=\"color:#117f55\" class=\"has-text-color has-medium-font-size\"><strong>Respeito M\u00fatuo<\/strong><\/p>\n\n\n\n<p>O respeito m\u00fatuo \u00e9 o reconhecimento de que cada indiv\u00edduo tem o mesmo valor, com a utiliza\u00e7\u00e3o total de nossos diferentes interesses, for\u00e7as e experi\u00eancias. As a\u00e7\u00f5es que tomarmos em nome da Office Tech devem manter a dignidade do indiv\u00edduo. Da mesma forma, todo funcion\u00e1rio tem a responsabilidade de contribuir para e proteger os ativos da empresa, incluindo sua imagem e retorno financeiro.<\/p>\n\n\n\n<hr class=\"wp-block-separator\"\/>\n\n\n\n<p style=\"color:#117f55\" class=\"has-text-color has-medium-font-size\"><strong>Integridade<\/strong><\/p>\n\n\n\n<p>Integridade significa ser honesto, justo, lutar pelo que voc\u00ea acredita e fazer o que voc\u00ea diz que ir\u00e1 fazer.<\/p>\n\n\n\n<hr class=\"wp-block-separator\"\/>\n\n\n\n<p style=\"color:#117f55\" class=\"has-text-color has-medium-font-size\"><strong>Perspectiva de Longo Prazo<\/strong><\/p>\n\n\n\n<p>Uma perspectiva de longo prazo \u00e9 importante para nosso sucesso. Como prioridade di\u00e1ria, n\u00f3s tomaremos decis\u00f5es de longo prazo enquanto gerenciamos as demandas de curto prazo.<\/p>\n\n\n\n<hr class=\"wp-block-separator\"\/>\n\n\n\n<p style=\"color:#117f55\" class=\"has-text-color has-medium-font-size\"><strong>Excel\u00eancia<\/strong><\/p>\n\n\n\n<p>Excel\u00eancia\n\u00e9 o desempenho de todas as tarefas de maneira superior. N\u00f3s temos orgulho em\nfazer isto assumindo a responsabilidade, superando as expectativas dos clientes\ne nos empenhando para melhoria cont\u00ednua de tudo o que fazemos \u2013 incluindo\nnossas id\u00e9ias, nosso trabalho di\u00e1rio e todos os produtos e servi\u00e7os.<\/p>\n<!-- AddThis Advanced Settings generic via filter on the_content -->","protected":false},"excerpt":{"rendered":"<p>Al\u00e9m da impress\u00e3o Fundado em 2005 o Grupo Office Tech, formado pelas empresas Office Tech Tecnologia (2005) e Mil Print Inform\u00e1tica (2015), &nbsp;vem se consolidando no mercado nacional, atuando nos mercados Governo e Corporativo, com foco na excel\u00eancia do atendimento aos seus clientes e determina\u00e7\u00e3o para atingir as suas metas. Profissionalismo, \u00c9tica, Responsabilidade e Transpar\u00eancia [&#8230;]<\/p>\n<p><a class=\"btn btn-secondary understrap-read-more-link\" href=\"https:\/\/www.got.inf.br\/site\/quem-somos\/o-grupo\/\">Leia mais&#8230;<span class=\"screen-reader-text\"> from O Grupo<\/span><\/a><\/p>\n<p><!-- AddThis Advanced Settings generic via filter on get_the_excerpt --><\/p>\n","protected":false},"author":1,"featured_media":255,"parent":55,"menu_order":0,"comment_status":"closed","ping_status":"closed","template":"","meta":{"_uag_custom_page_level_css":"","jetpack_post_was_ever_published":false},"uagb_featured_image_src":{"full":["https:\/\/i0.wp.com\/www.got.inf.br\/site\/wp-content\/uploads\/2019\/02\/LayoutSiteGot-Conte\u00a6do1-1.jpg?fit=2998%2C781&ssl=1",2998,781,false],"thumbnail":["https:\/\/i0.wp.com\/www.got.inf.br\/site\/wp-content\/uploads\/2019\/02\/LayoutSiteGot-Conte\u00a6do1-1.jpg?resize=150%2C150&ssl=1",150,150,true],"medium":["https:\/\/i0.wp.com\/www.got.inf.br\/site\/wp-content\/uploads\/2019\/02\/LayoutSiteGot-Conte\u00a6do1-1.jpg?fit=300%2C78&ssl=1",300,78,true],"medium_large":["https:\/\/i0.wp.com\/www.got.inf.br\/site\/wp-content\/uploads\/2019\/02\/LayoutSiteGot-Conte\u00a6do1-1.jpg?fit=640%2C167&ssl=1",640,167,true],"large":["https:\/\/i0.wp.com\/www.got.inf.br\/site\/wp-content\/uploads\/2019\/02\/LayoutSiteGot-Conte\u00a6do1-1.jpg?fit=640%2C167&ssl=1",640,167,true],"1536x1536":["https:\/\/i0.wp.com\/www.got.inf.br\/site\/wp-content\/uploads\/2019\/02\/LayoutSiteGot-Conte\u00a6do1-1.jpg?fit=1536%2C400&ssl=1",1536,400,true],"2048x2048":["https:\/\/i0.wp.com\/www.got.inf.br\/site\/wp-content\/uploads\/2019\/02\/LayoutSiteGot-Conte\u00a6do1-1.jpg?fit=2048%2C534&ssl=1",2048,534,true],"jetpack-portfolio-admin-thumb":["https:\/\/i0.wp.com\/www.got.inf.br\/site\/wp-content\/uploads\/2019\/02\/LayoutSiteGot-Conte\u00a6do1-1.jpg?resize=50%2C50&ssl=1",50,50,true]},"uagb_author_info":{"display_name":"admin","author_link":"https:\/\/www.got.inf.br\/site\/author\/admin\/"},"uagb_comment_info":0,"uagb_excerpt":"Al\u00e9m da impress\u00e3o Fundado em 2005 o Grupo Office Tech, formado pelas empresas Office Tech Tecnologia (2005) e Mil Print Inform\u00e1tica (2015), &nbsp;vem se consolidando no mercado nacional, atuando nos mercados Governo e Corporativo, com foco na excel\u00eancia do atendimento aos seus clientes e determina\u00e7\u00e3o para atingir as suas metas. Profissionalismo, \u00c9tica, Responsabilidade e Transpar\u00eancia&hellip;","jetpack_sharing_enabled":true,"jetpack_shortlink":"https:\/\/wp.me\/PaFYP5-1n","_links":{"self":[{"href":"https:\/\/www.got.inf.br\/site\/wp-json\/wp\/v2\/pages\/85"}],"collection":[{"href":"https:\/\/www.got.inf.br\/site\/wp-json\/wp\/v2\/pages"}],"about":[{"href":"https:\/\/www.got.inf.br\/site\/wp-json\/wp\/v2\/types\/page"}],"author":[{"embeddable":true,"href":"https:\/\/www.got.inf.br\/site\/wp-json\/wp\/v2\/users\/1"}],"replies":[{"embeddable":true,"href":"https:\/\/www.got.inf.br\/site\/wp-json\/wp\/v2\/comments?post=85"}],"version-history":[{"count":27,"href":"https:\/\/www.got.inf.br\/site\/wp-json\/wp\/v2\/pages\/85\/revisions"}],"predecessor-version":[{"id":839,"href":"https:\/\/www.got.inf.br\/site\/wp-json\/wp\/v2\/pages\/85\/revisions\/839"}],"up":[{"embeddable":true,"href":"https:\/\/www.got.inf.br\/site\/wp-json\/wp\/v2\/pages\/55"}],"wp:featuredmedia":[{"embeddable":true,"href":"https:\/\/www.got.inf.br\/site\/wp-json\/wp\/v2\/media\/255"}],"wp:attachment":[{"href":"https:\/\/www.got.inf.br\/site\/wp-json\/wp\/v2\/media?parent=85"}],"curies":[{"name":"wp","href":"https:\/\/api.w.org\/{rel}","templated":true}]}}