{"id":61,"date":"2019-01-31T20:45:17","date_gmt":"2019-01-31T22:45:17","guid":{"rendered":"http:\/\/got3.hospedagemdesites.ws\/site\/?page_id=61"},"modified":"2019-04-16T09:26:20","modified_gmt":"2019-04-16T12:26:20","slug":"registro-de-precos","status":"publish","type":"page","link":"https:\/\/www.got.inf.br\/site\/registro-de-precos\/","title":{"rendered":"Registro de Pre\u00e7os"},"content":{"rendered":"\n<hr class=\"wp-block-separator\"\/>\n\n\n\n<div class=\"is-layout-flex wp-container-3 wp-block-columns has-2-columns\">\n<div class=\"is-layout-flow wp-block-column\">\n<p class=\"has-medium-font-size\">Possu\u00edmos atas de Registro de Pre\u00e7os de impressoras e multifuncionais, monocrom\u00e1ticas e coloridas e suprimentos, em \u00e2mbito Federal, Estadual e Municipal.<\/p>\n\n\n\n<p class=\"has-medium-font-size\">Entre em contato conosco preenchendo o formul\u00e1rio  e fa\u00e7a sua solicita\u00e7\u00e3o de acordo com as suas necessidades.<\/p>\n\n\n\n<h2 style=\"text-align:center\">Resposta em at\u00e9 24 horas!<br><\/h2>\n<\/div>\n\n\n\n<div class=\"is-layout-flow wp-block-column\">\n<h3>Requisitante<\/h3>\n\n\n<div class=\"wp-block-jetpack-contact-form\"><a href=\"https:\/\/www.got.inf.br\/site\/registro-de-precos\/\" target=\"_blank\" rel=\"noopener noreferrer\">Envie um formul\u00e1rio.<\/a><\/div><\/div>\n<\/div>\n<!-- AddThis Advanced Settings generic via filter on the_content -->","protected":false},"excerpt":{"rendered":"<p>Possu\u00edmos atas de Registro de Pre\u00e7os de impressoras e multifuncionais, monocrom\u00e1ticas e coloridas e suprimentos, em \u00e2mbito Federal, Estadual e Municipal. Entre em contato conosco preenchendo o formul\u00e1rio e fa\u00e7a sua solicita\u00e7\u00e3o de acordo com as suas necessidades. Resposta em at\u00e9 24 horas! Requisitante [&#8230;]<\/p>\n<p><a class=\"btn btn-secondary understrap-read-more-link\" href=\"https:\/\/www.got.inf.br\/site\/registro-de-precos\/\">Leia mais&#8230;<span class=\"screen-reader-text\"> from Registro de Pre\u00e7os<\/span><\/a><\/p>\n<p><!-- AddThis Advanced Settings generic via filter on get_the_excerpt --><\/p>\n","protected":false},"author":1,"featured_media":458,"parent":0,"menu_order":0,"comment_status":"closed","ping_status":"closed","template":"","meta":{"_uag_custom_page_level_css":"","jetpack_post_was_ever_published":false},"uagb_featured_image_src":{"full":["https:\/\/i0.wp.com\/www.got.inf.br\/site\/wp-content\/uploads\/2019\/03\/registropn2.png?fit=960%2C251&ssl=1",960,251,false],"thumbnail":["https:\/\/i0.wp.com\/www.got.inf.br\/site\/wp-content\/uploads\/2019\/03\/registropn2.png?resize=150%2C150&ssl=1",150,150,true],"medium":["https:\/\/i0.wp.com\/www.got.inf.br\/site\/wp-content\/uploads\/2019\/03\/registropn2.png?fit=300%2C78&ssl=1",300,78,true],"medium_large":["https:\/\/i0.wp.com\/www.got.inf.br\/site\/wp-content\/uploads\/2019\/03\/registropn2.png?fit=640%2C168&ssl=1",640,168,true],"large":["https:\/\/i0.wp.com\/www.got.inf.br\/site\/wp-content\/uploads\/2019\/03\/registropn2.png?fit=640%2C167&ssl=1",640,167,true],"1536x1536":["https:\/\/i0.wp.com\/www.got.inf.br\/site\/wp-content\/uploads\/2019\/03\/registropn2.png?fit=960%2C251&ssl=1",960,251,true],"2048x2048":["https:\/\/i0.wp.com\/www.got.inf.br\/site\/wp-content\/uploads\/2019\/03\/registropn2.png?fit=960%2C251&ssl=1",960,251,true],"jetpack-portfolio-admin-thumb":["https:\/\/i0.wp.com\/www.got.inf.br\/site\/wp-content\/uploads\/2019\/03\/registropn2.png?resize=50%2C50&ssl=1",50,50,true]},"uagb_author_info":{"display_name":"admin","author_link":"https:\/\/www.got.inf.br\/site\/author\/admin\/"},"uagb_comment_info":0,"uagb_excerpt":"Possu\u00edmos atas de Registro de Pre\u00e7os de impressoras e multifuncionais, monocrom\u00e1ticas e coloridas e suprimentos, em \u00e2mbito Federal, Estadual e Municipal. Entre em contato conosco preenchendo o formul\u00e1rio e fa\u00e7a sua solicita\u00e7\u00e3o de acordo com as suas necessidades. Resposta em at\u00e9 24 horas! Requisitante [...]Leia mais... from Registro de Pre\u00e7os","jetpack_sharing_enabled":true,"jetpack_shortlink":"https:\/\/wp.me\/PaFYP5-Z","_links":{"self":[{"href":"https:\/\/www.got.inf.br\/site\/wp-json\/wp\/v2\/pages\/61"}],"collection":[{"href":"https:\/\/www.got.inf.br\/site\/wp-json\/wp\/v2\/pages"}],"about":[{"href":"https:\/\/www.got.inf.br\/site\/wp-json\/wp\/v2\/types\/page"}],"author":[{"embeddable":true,"href":"https:\/\/www.got.inf.br\/site\/wp-json\/wp\/v2\/users\/1"}],"replies":[{"embeddable":true,"href":"https:\/\/www.got.inf.br\/site\/wp-json\/wp\/v2\/comments?post=61"}],"version-history":[{"count":32,"href":"https:\/\/www.got.inf.br\/site\/wp-json\/wp\/v2\/pages\/61\/revisions"}],"predecessor-version":[{"id":723,"href":"https:\/\/www.got.inf.br\/site\/wp-json\/wp\/v2\/pages\/61\/revisions\/723"}],"wp:featuredmedia":[{"embeddable":true,"href":"https:\/\/www.got.inf.br\/site\/wp-json\/wp\/v2\/media\/458"}],"wp:attachment":[{"href":"https:\/\/www.got.inf.br\/site\/wp-json\/wp\/v2\/media?parent=61"}],"curies":[{"name":"wp","href":"https:\/\/api.w.org\/{rel}","templated":true}]}}