{"id":55,"date":"2019-01-31T20:44:07","date_gmt":"2019-01-31T22:44:07","guid":{"rendered":"http:\/\/got3.hospedagemdesites.ws\/site\/?page_id=55"},"modified":"2019-03-27T11:46:34","modified_gmt":"2019-03-27T14:46:34","slug":"quem-somos","status":"publish","type":"page","link":"https:\/\/www.got.inf.br\/site\/quem-somos\/","title":{"rendered":"Quem Somos"},"content":{"rendered":"\n\n<div class=\"su-posts su-posts-default-loop \">\n\n\t\n\t\t\t\t\t\n\t\t\t\n\t\t\t<div id=\"su-post-91\" class=\"su-post \">\n\n\t\t\t\t\t\t\t\t\t<a class=\"su-post-thumbnail\" href=\"https:\/\/www.got.inf.br\/site\/quem-somos\/compromisso\/\"><img width=\"640\" height=\"168\" src=\"https:\/\/i0.wp.com\/www.got.inf.br\/site\/wp-content\/uploads\/2019\/02\/Compromisso.jpg?resize=640%2C168&#038;ssl=1\" class=\"attachment-post-thumbnail size-post-thumbnail wp-post-image\" alt=\"\" decoding=\"async\" loading=\"lazy\" srcset=\"https:\/\/i0.wp.com\/www.got.inf.br\/site\/wp-content\/uploads\/2019\/02\/Compromisso.jpg?w=2998&amp;ssl=1 2998w, https:\/\/i0.wp.com\/www.got.inf.br\/site\/wp-content\/uploads\/2019\/02\/Compromisso.jpg?resize=300%2C79&amp;ssl=1 300w, https:\/\/i0.wp.com\/www.got.inf.br\/site\/wp-content\/uploads\/2019\/02\/Compromisso.jpg?resize=768%2C202&amp;ssl=1 768w, https:\/\/i0.wp.com\/www.got.inf.br\/site\/wp-content\/uploads\/2019\/02\/Compromisso.jpg?resize=1680%2C442&amp;ssl=1 1680w, https:\/\/i0.wp.com\/www.got.inf.br\/site\/wp-content\/uploads\/2019\/02\/Compromisso.jpg?w=1280&amp;ssl=1 1280w, https:\/\/i0.wp.com\/www.got.inf.br\/site\/wp-content\/uploads\/2019\/02\/Compromisso.jpg?w=1920&amp;ssl=1 1920w\" sizes=\"(max-width: 640px) 100vw, 640px\" data-attachment-id=\"248\" data-permalink=\"https:\/\/www.got.inf.br\/site\/compromisso-2\/\" data-orig-file=\"https:\/\/i0.wp.com\/www.got.inf.br\/site\/wp-content\/uploads\/2019\/02\/Compromisso.jpg?fit=2998%2C788&amp;ssl=1\" data-orig-size=\"2998,788\" data-comments-opened=\"0\" data-image-meta=\"{&quot;aperture&quot;:&quot;0&quot;,&quot;credit&quot;:&quot;Altevyr&quot;,&quot;camera&quot;:&quot;&quot;,&quot;caption&quot;:&quot;&quot;,&quot;created_timestamp&quot;:&quot;1550069490&quot;,&quot;copyright&quot;:&quot;&quot;,&quot;focal_length&quot;:&quot;0&quot;,&quot;iso&quot;:&quot;0&quot;,&quot;shutter_speed&quot;:&quot;0&quot;,&quot;title&quot;:&quot;&quot;,&quot;orientation&quot;:&quot;1&quot;}\" data-image-title=\"Compromisso\" data-image-description=\"\" data-image-caption=\"\" data-medium-file=\"https:\/\/i0.wp.com\/www.got.inf.br\/site\/wp-content\/uploads\/2019\/02\/Compromisso.jpg?fit=300%2C79&amp;ssl=1\" data-large-file=\"https:\/\/i0.wp.com\/www.got.inf.br\/site\/wp-content\/uploads\/2019\/02\/Compromisso.jpg?fit=640%2C168&amp;ssl=1\" data-recalc-dims=\"1\" \/><\/a>\n\t\t\t\t\n\t\t\t\t<h2 class=\"su-post-title\"><a href=\"https:\/\/www.got.inf.br\/site\/quem-somos\/compromisso\/\">Compromisso<\/a><\/h2>\n\n\t\t\t\t<div class=\"su-post-meta\">\n\t\t\t\t\tPosted: 1 de fevereiro de 2019\t\t\t\t<\/div>\n\n\t\t\t\t<div class=\"su-post-excerpt\">\n\t\t\t\t\t<p>Termo de compromisso anticorrup\u00e7\u00e3o:DECLARA\u00c7\u00c3O E COMPROMISSO ANTICORRUP\u00c7\u00c3O E PREVEN\u00c7\u00c3O DE CONFLITO DE INTERESSES OFFICE TECH TECNOLOGIA LTDA, inscrita no CNPJ sob o n\u00famero 07.366.769\/0001-77 e MIL PRINT INFORM\u00c1TICA EIRELI, inscrita no CNPJ sob o n\u00famero 23.791.227\/0001-06, por seus representantes, vem, pela presente, declarar ter conhecimento da Lei Federal 12.846\/13 (\u201cLei Anticorrup\u00e7\u00e3o\u201d) e da Lei Federal [&#8230;]<\/p>\n<p><a class=\"btn btn-secondary understrap-read-more-link\" href=\"https:\/\/www.got.inf.br\/site\/quem-somos\/compromisso\/\">Leia mais&#8230;<span class=\"screen-reader-text\"> from Compromisso<\/span><\/a><\/p>\n<p><!-- AddThis Advanced Settings generic via filter on get_the_excerpt --><\/p>\n\t\t\t\t<\/div>\n\n\t\t\t\t\n\t\t\t<\/div>\n\n\t\t\t\t\t\n\t\t\t\n\t\t\t<div id=\"su-post-89\" class=\"su-post \">\n\n\t\t\t\t\t\t\t\t\t<a class=\"su-post-thumbnail\" href=\"https:\/\/www.got.inf.br\/site\/quem-somos\/estrutura\/\"><img width=\"640\" height=\"245\" src=\"https:\/\/i0.wp.com\/www.got.inf.br\/site\/wp-content\/uploads\/2019\/06\/Estrutura3.jpg?resize=640%2C245&#038;ssl=1\" class=\"attachment-post-thumbnail size-post-thumbnail wp-post-image\" alt=\"\" decoding=\"async\" loading=\"lazy\" srcset=\"https:\/\/i0.wp.com\/www.got.inf.br\/site\/wp-content\/uploads\/2019\/06\/Estrutura3.jpg?w=2100&amp;ssl=1 2100w, https:\/\/i0.wp.com\/www.got.inf.br\/site\/wp-content\/uploads\/2019\/06\/Estrutura3.jpg?resize=300%2C115&amp;ssl=1 300w, https:\/\/i0.wp.com\/www.got.inf.br\/site\/wp-content\/uploads\/2019\/06\/Estrutura3.jpg?resize=768%2C294&amp;ssl=1 768w, https:\/\/i0.wp.com\/www.got.inf.br\/site\/wp-content\/uploads\/2019\/06\/Estrutura3.jpg?resize=1680%2C643&amp;ssl=1 1680w, https:\/\/i0.wp.com\/www.got.inf.br\/site\/wp-content\/uploads\/2019\/06\/Estrutura3.jpg?w=1280&amp;ssl=1 1280w, https:\/\/i0.wp.com\/www.got.inf.br\/site\/wp-content\/uploads\/2019\/06\/Estrutura3.jpg?w=1920&amp;ssl=1 1920w\" sizes=\"(max-width: 640px) 100vw, 640px\" data-attachment-id=\"775\" data-permalink=\"https:\/\/www.got.inf.br\/site\/quem-somos\/estrutura\/estrutura3\/\" data-orig-file=\"https:\/\/i0.wp.com\/www.got.inf.br\/site\/wp-content\/uploads\/2019\/06\/Estrutura3.jpg?fit=2100%2C804&amp;ssl=1\" data-orig-size=\"2100,804\" data-comments-opened=\"0\" data-image-meta=\"{&quot;aperture&quot;:&quot;0&quot;,&quot;credit&quot;:&quot;Altevyr&quot;,&quot;camera&quot;:&quot;&quot;,&quot;caption&quot;:&quot;&quot;,&quot;created_timestamp&quot;:&quot;1551975362&quot;,&quot;copyright&quot;:&quot;&quot;,&quot;focal_length&quot;:&quot;0&quot;,&quot;iso&quot;:&quot;0&quot;,&quot;shutter_speed&quot;:&quot;0&quot;,&quot;title&quot;:&quot;&quot;,&quot;orientation&quot;:&quot;1&quot;}\" data-image-title=\"Estrutura3\" data-image-description=\"\" data-image-caption=\"\" data-medium-file=\"https:\/\/i0.wp.com\/www.got.inf.br\/site\/wp-content\/uploads\/2019\/06\/Estrutura3.jpg?fit=300%2C115&amp;ssl=1\" data-large-file=\"https:\/\/i0.wp.com\/www.got.inf.br\/site\/wp-content\/uploads\/2019\/06\/Estrutura3.jpg?fit=640%2C245&amp;ssl=1\" data-recalc-dims=\"1\" \/><\/a>\n\t\t\t\t\n\t\t\t\t<h2 class=\"su-post-title\"><a href=\"https:\/\/www.got.inf.br\/site\/quem-somos\/estrutura\/\">Estrutura<\/a><\/h2>\n\n\t\t\t\t<div class=\"su-post-meta\">\n\t\t\t\t\tPosted: 1 de fevereiro de 2019\t\t\t\t<\/div>\n\n\t\t\t\t<div class=\"su-post-excerpt\">\n\t\t\t\t\t<p>Com matriz em Sede Pr\u00f3pria na cidade de Vit\u00f3ria \u2013 ES e parceiros em todos os Estados do Brasil n\u00f3s estamos aptos e autorizados a comercializar, prestar servi\u00e7os de manuten\u00e7\u00e3o e garantia em todos os equipamentos da marca Lexmark. Atendemos do Oiapoque ao Chui. apoiado pela estrutura T\u00e9cnica oficial da Lexmark Internacional do Brasil. [&#8230;]<\/p>\n<p><a class=\"btn btn-secondary understrap-read-more-link\" href=\"https:\/\/www.got.inf.br\/site\/quem-somos\/estrutura\/\">Leia mais&#8230;<span class=\"screen-reader-text\"> from Estrutura<\/span><\/a><\/p>\n<p><!-- AddThis Advanced Settings generic via filter on get_the_excerpt --><\/p>\n\t\t\t\t<\/div>\n\n\t\t\t\t\n\t\t\t<\/div>\n\n\t\t\t\t\t\n\t\t\t\n\t\t\t<div id=\"su-post-87\" class=\"su-post \">\n\n\t\t\t\t\t\t\t\t\t<a class=\"su-post-thumbnail\" href=\"https:\/\/www.got.inf.br\/site\/quem-somos\/fabricantes\/\"><img width=\"640\" height=\"238\" src=\"https:\/\/i0.wp.com\/www.got.inf.br\/site\/wp-content\/uploads\/2019\/05\/Banner-MarcasLexmark.jpg?resize=640%2C238&#038;ssl=1\" class=\"attachment-post-thumbnail size-post-thumbnail wp-post-image\" alt=\"\" decoding=\"async\" loading=\"lazy\" srcset=\"https:\/\/i0.wp.com\/www.got.inf.br\/site\/wp-content\/uploads\/2019\/05\/Banner-MarcasLexmark.jpg?w=2101&amp;ssl=1 2101w, https:\/\/i0.wp.com\/www.got.inf.br\/site\/wp-content\/uploads\/2019\/05\/Banner-MarcasLexmark.jpg?resize=300%2C112&amp;ssl=1 300w, https:\/\/i0.wp.com\/www.got.inf.br\/site\/wp-content\/uploads\/2019\/05\/Banner-MarcasLexmark.jpg?resize=768%2C285&amp;ssl=1 768w, https:\/\/i0.wp.com\/www.got.inf.br\/site\/wp-content\/uploads\/2019\/05\/Banner-MarcasLexmark.jpg?resize=1680%2C625&amp;ssl=1 1680w, https:\/\/i0.wp.com\/www.got.inf.br\/site\/wp-content\/uploads\/2019\/05\/Banner-MarcasLexmark.jpg?w=1280&amp;ssl=1 1280w, https:\/\/i0.wp.com\/www.got.inf.br\/site\/wp-content\/uploads\/2019\/05\/Banner-MarcasLexmark.jpg?w=1920&amp;ssl=1 1920w\" sizes=\"(max-width: 640px) 100vw, 640px\" data-attachment-id=\"765\" data-permalink=\"https:\/\/www.got.inf.br\/site\/quem-somos\/fabricantes\/banner-marcaslexmark\/\" data-orig-file=\"https:\/\/i0.wp.com\/www.got.inf.br\/site\/wp-content\/uploads\/2019\/05\/Banner-MarcasLexmark.jpg?fit=2101%2C781&amp;ssl=1\" data-orig-size=\"2101,781\" data-comments-opened=\"0\" data-image-meta=\"{&quot;aperture&quot;:&quot;0&quot;,&quot;credit&quot;:&quot;Altevyr&quot;,&quot;camera&quot;:&quot;&quot;,&quot;caption&quot;:&quot;&quot;,&quot;created_timestamp&quot;:&quot;1559053427&quot;,&quot;copyright&quot;:&quot;&quot;,&quot;focal_length&quot;:&quot;0&quot;,&quot;iso&quot;:&quot;0&quot;,&quot;shutter_speed&quot;:&quot;0&quot;,&quot;title&quot;:&quot;&quot;,&quot;orientation&quot;:&quot;0&quot;}\" data-image-title=\"Banner MarcasLexmark\" data-image-description=\"\" data-image-caption=\"\" data-medium-file=\"https:\/\/i0.wp.com\/www.got.inf.br\/site\/wp-content\/uploads\/2019\/05\/Banner-MarcasLexmark.jpg?fit=300%2C112&amp;ssl=1\" data-large-file=\"https:\/\/i0.wp.com\/www.got.inf.br\/site\/wp-content\/uploads\/2019\/05\/Banner-MarcasLexmark.jpg?fit=640%2C238&amp;ssl=1\" data-recalc-dims=\"1\" \/><\/a>\n\t\t\t\t\n\t\t\t\t<h2 class=\"su-post-title\"><a href=\"https:\/\/www.got.inf.br\/site\/quem-somos\/fabricantes\/\">Fabricantes<\/a><\/h2>\n\n\t\t\t\t<div class=\"su-post-meta\">\n\t\t\t\t\tPosted: 1 de fevereiro de 2019\t\t\t\t<\/div>\n\n\t\t\t\t<div class=\"su-post-excerpt\">\n\t\t\t\t\t<p>O Grupo Office Tech \u00e9 atualmente Revendedor Autorizado e Assist\u00eancia T\u00e9cnica Credenciada da maior e mais confi\u00e1vel fabricante de impressoras e multifuncionais do mundo, Lexmark, estando presente em todos os Estados Brasileiros. [&#8230;]<\/p>\n<p><a class=\"btn btn-secondary understrap-read-more-link\" href=\"https:\/\/www.got.inf.br\/site\/quem-somos\/fabricantes\/\">Leia mais&#8230;<span class=\"screen-reader-text\"> from Fabricantes<\/span><\/a><\/p>\n<p><!-- AddThis Advanced Settings generic via filter on get_the_excerpt --><\/p>\n\t\t\t\t<\/div>\n\n\t\t\t\t\n\t\t\t<\/div>\n\n\t\t\t\t\t\n\t\t\t\n\t\t\t<div id=\"su-post-85\" class=\"su-post \">\n\n\t\t\t\t\t\t\t\t\t<a class=\"su-post-thumbnail\" href=\"https:\/\/www.got.inf.br\/site\/quem-somos\/o-grupo\/\"><img width=\"640\" height=\"167\" src=\"https:\/\/i0.wp.com\/www.got.inf.br\/site\/wp-content\/uploads\/2019\/02\/LayoutSiteGot-Conte\u00a6do1-1.jpg?resize=640%2C167&#038;ssl=1\" class=\"attachment-post-thumbnail size-post-thumbnail wp-post-image\" alt=\"\" decoding=\"async\" loading=\"lazy\" srcset=\"https:\/\/i0.wp.com\/www.got.inf.br\/site\/wp-content\/uploads\/2019\/02\/LayoutSiteGot-Conte\u00a6do1-1.jpg?w=2998&amp;ssl=1 2998w, https:\/\/i0.wp.com\/www.got.inf.br\/site\/wp-content\/uploads\/2019\/02\/LayoutSiteGot-Conte\u00a6do1-1.jpg?resize=300%2C78&amp;ssl=1 300w, https:\/\/i0.wp.com\/www.got.inf.br\/site\/wp-content\/uploads\/2019\/02\/LayoutSiteGot-Conte\u00a6do1-1.jpg?resize=768%2C200&amp;ssl=1 768w, https:\/\/i0.wp.com\/www.got.inf.br\/site\/wp-content\/uploads\/2019\/02\/LayoutSiteGot-Conte\u00a6do1-1.jpg?resize=1680%2C438&amp;ssl=1 1680w, https:\/\/i0.wp.com\/www.got.inf.br\/site\/wp-content\/uploads\/2019\/02\/LayoutSiteGot-Conte\u00a6do1-1.jpg?w=1280&amp;ssl=1 1280w, https:\/\/i0.wp.com\/www.got.inf.br\/site\/wp-content\/uploads\/2019\/02\/LayoutSiteGot-Conte\u00a6do1-1.jpg?w=1920&amp;ssl=1 1920w\" sizes=\"(max-width: 640px) 100vw, 640px\" data-attachment-id=\"255\" data-permalink=\"https:\/\/www.got.inf.br\/site\/layoutsitegot-conte%c2%a6do1-2\/\" data-orig-file=\"https:\/\/i0.wp.com\/www.got.inf.br\/site\/wp-content\/uploads\/2019\/02\/LayoutSiteGot-Conte\u00a6do1-1.jpg?fit=2998%2C781&amp;ssl=1\" data-orig-size=\"2998,781\" data-comments-opened=\"0\" data-image-meta=\"{&quot;aperture&quot;:&quot;0&quot;,&quot;credit&quot;:&quot;Altevyr&quot;,&quot;camera&quot;:&quot;&quot;,&quot;caption&quot;:&quot;&quot;,&quot;created_timestamp&quot;:&quot;1550069490&quot;,&quot;copyright&quot;:&quot;&quot;,&quot;focal_length&quot;:&quot;0&quot;,&quot;iso&quot;:&quot;0&quot;,&quot;shutter_speed&quot;:&quot;0&quot;,&quot;title&quot;:&quot;&quot;,&quot;orientation&quot;:&quot;1&quot;}\" data-image-title=\"LayoutSiteGot Conte+\u00a6do1\" data-image-description=\"\" data-image-caption=\"\" data-medium-file=\"https:\/\/i0.wp.com\/www.got.inf.br\/site\/wp-content\/uploads\/2019\/02\/LayoutSiteGot-Conte\u00a6do1-1.jpg?fit=300%2C78&amp;ssl=1\" data-large-file=\"https:\/\/i0.wp.com\/www.got.inf.br\/site\/wp-content\/uploads\/2019\/02\/LayoutSiteGot-Conte\u00a6do1-1.jpg?fit=640%2C167&amp;ssl=1\" data-recalc-dims=\"1\" \/><\/a>\n\t\t\t\t\n\t\t\t\t<h2 class=\"su-post-title\"><a href=\"https:\/\/www.got.inf.br\/site\/quem-somos\/o-grupo\/\">O Grupo<\/a><\/h2>\n\n\t\t\t\t<div class=\"su-post-meta\">\n\t\t\t\t\tPosted: 1 de fevereiro de 2019\t\t\t\t<\/div>\n\n\t\t\t\t<div class=\"su-post-excerpt\">\n\t\t\t\t\t<p>Al\u00e9m da impress\u00e3o Fundado em 2005 o Grupo Office Tech, formado pelas empresas Office Tech Tecnologia (2005) e Mil Print Inform\u00e1tica (2015), &nbsp;vem se consolidando no mercado nacional, atuando nos mercados Governo e Corporativo, com foco na excel\u00eancia do atendimento aos seus clientes e determina\u00e7\u00e3o para atingir as suas metas. Profissionalismo, \u00c9tica, Responsabilidade e Transpar\u00eancia [&#8230;]<\/p>\n<p><a class=\"btn btn-secondary understrap-read-more-link\" href=\"https:\/\/www.got.inf.br\/site\/quem-somos\/o-grupo\/\">Leia mais&#8230;<span class=\"screen-reader-text\"> from O Grupo<\/span><\/a><\/p>\n<p><!-- AddThis Advanced Settings generic via filter on get_the_excerpt --><\/p>\n\t\t\t\t<\/div>\n\n\t\t\t\t\n\t\t\t<\/div>\n\n\t\t\n\t\n<\/div>\n\n","protected":false},"excerpt":{"rendered":"<p> [&#8230;]<\/p>\n<p><a class=\"btn btn-secondary understrap-read-more-link\" href=\"https:\/\/www.got.inf.br\/site\/quem-somos\/o-grupo\/\">Leia mais&#8230;<span class=\"screen-reader-text\"> from O Grupo<\/span><\/a><\/p>\n<p><!-- AddThis Advanced Settings generic via filter on get_the_excerpt --><\/p>\n","protected":false},"author":1,"featured_media":0,"parent":0,"menu_order":0,"comment_status":"closed","ping_status":"closed","template":"","meta":{"_uag_custom_page_level_css":"","jetpack_post_was_ever_published":false},"uagb_featured_image_src":{"full":false,"thumbnail":false,"medium":false,"medium_large":false,"large":false,"1536x1536":false,"2048x2048":false,"jetpack-portfolio-admin-thumb":false},"uagb_author_info":{"display_name":"admin","author_link":"https:\/\/www.got.inf.br\/site\/author\/admin\/"},"uagb_comment_info":0,"uagb_excerpt":"[...]Leia mais... from O Grupo","jetpack_sharing_enabled":true,"jetpack_shortlink":"https:\/\/wp.me\/PaFYP5-T","_links":{"self":[{"href":"https:\/\/www.got.inf.br\/site\/wp-json\/wp\/v2\/pages\/55"}],"collection":[{"href":"https:\/\/www.got.inf.br\/site\/wp-json\/wp\/v2\/pages"}],"about":[{"href":"https:\/\/www.got.inf.br\/site\/wp-json\/wp\/v2\/types\/page"}],"author":[{"embeddable":true,"href":"https:\/\/www.got.inf.br\/site\/wp-json\/wp\/v2\/users\/1"}],"replies":[{"embeddable":true,"href":"https:\/\/www.got.inf.br\/site\/wp-json\/wp\/v2\/comments?post=55"}],"version-history":[{"count":2,"href":"https:\/\/www.got.inf.br\/site\/wp-json\/wp\/v2\/pages\/55\/revisions"}],"predecessor-version":[{"id":643,"href":"https:\/\/www.got.inf.br\/site\/wp-json\/wp\/v2\/pages\/55\/revisions\/643"}],"wp:attachment":[{"href":"https:\/\/www.got.inf.br\/site\/wp-json\/wp\/v2\/media?parent=55"}],"curies":[{"name":"wp","href":"https:\/\/api.w.org\/{rel}","templated":true}]}}