{"id":205,"date":"2019-02-10T22:26:04","date_gmt":"2019-02-11T00:26:04","guid":{"rendered":"http:\/\/got3.hospedagemdesites.ws\/site\/?page_id=205"},"modified":"2019-08-09T18:08:49","modified_gmt":"2019-08-09T21:08:49","slug":"contrato-de-assistencia-tecnica","status":"publish","type":"page","link":"https:\/\/www.got.inf.br\/site\/solucoes\/contrato-de-assistencia-tecnica\/","title":{"rendered":"Contrato de Assist\u00eancia T\u00e9cnica \/ Garantia Estendida"},"content":{"rendered":"\n<hr class=\"wp-block-separator\"\/>\n\n\n\n<div class=\"is-layout-flex wp-container-3 wp-block-columns has-2-columns\">\n<div class=\"is-layout-flow wp-block-column\">\n<p>Para o cliente que adquiriu os equipamentos e a garantia est\u00e1 chegando\nao fim, oferecemos a extens\u00e3o da garantia.<\/p>\n\n\n\n<p>O Grupo Office Tech com este servi\u00e7o d\u00e1 a op\u00e7\u00e3o aos seus clientes, de\nmanter as mesmas condi\u00e7\u00f5es da garantia originalmente contratada juntamente com\nos equipamentos.<\/p>\n\n\n\n<p>Consulte as condi\u00e7\u00f5es de contrata\u00e7\u00e3o, preenchendo o formul\u00e1rio:<\/p>\n\n\n\n<figure class=\"wp-block-image\"><img data-attachment-id=\"12\" data-permalink=\"https:\/\/www.got.inf.br\/site\/family-7-gdw-zj-device-905-md-72-v3\/\" data-orig-file=\"https:\/\/i0.wp.com\/www.got.inf.br\/site\/wp-content\/uploads\/2019\/01\/family-7-gdw-zj-device-905-md-72-v3.png?fit=905%2C325&amp;ssl=1\" data-orig-size=\"905,325\" data-comments-opened=\"0\" data-image-meta=\"{&quot;aperture&quot;:&quot;0&quot;,&quot;credit&quot;:&quot;&quot;,&quot;camera&quot;:&quot;&quot;,&quot;caption&quot;:&quot;&quot;,&quot;created_timestamp&quot;:&quot;0&quot;,&quot;copyright&quot;:&quot;&quot;,&quot;focal_length&quot;:&quot;0&quot;,&quot;iso&quot;:&quot;0&quot;,&quot;shutter_speed&quot;:&quot;0&quot;,&quot;title&quot;:&quot;&quot;,&quot;orientation&quot;:&quot;0&quot;}\" data-image-title=\"family-7-gdw-zj-device-905-md-72-v3\" data-image-description=\"\" data-image-caption=\"\" data-medium-file=\"https:\/\/i0.wp.com\/www.got.inf.br\/site\/wp-content\/uploads\/2019\/01\/family-7-gdw-zj-device-905-md-72-v3.png?fit=300%2C108&amp;ssl=1\" data-large-file=\"https:\/\/i0.wp.com\/www.got.inf.br\/site\/wp-content\/uploads\/2019\/01\/family-7-gdw-zj-device-905-md-72-v3.png?fit=640%2C230&amp;ssl=1\" decoding=\"async\" loading=\"lazy\" width=\"640\" height=\"230\" src=\"https:\/\/i0.wp.com\/got3.hospedagemdesites.ws\/site\/wp-content\/uploads\/2019\/01\/family-7-gdw-zj-device-905-md-72-v3.png?resize=640%2C230\" alt=\"\" class=\"wp-image-12\" srcset=\"https:\/\/i0.wp.com\/www.got.inf.br\/site\/wp-content\/uploads\/2019\/01\/family-7-gdw-zj-device-905-md-72-v3.png?w=905&amp;ssl=1 905w, https:\/\/i0.wp.com\/www.got.inf.br\/site\/wp-content\/uploads\/2019\/01\/family-7-gdw-zj-device-905-md-72-v3.png?resize=300%2C108&amp;ssl=1 300w, https:\/\/i0.wp.com\/www.got.inf.br\/site\/wp-content\/uploads\/2019\/01\/family-7-gdw-zj-device-905-md-72-v3.png?resize=768%2C276&amp;ssl=1 768w\" sizes=\"(max-width: 640px) 100vw, 640px\" data-recalc-dims=\"1\" \/><\/figure>\n<\/div>\n\n\n\n<div class=\"is-layout-flow wp-block-column\"><div class=\"wp-block-jetpack-contact-form\"><a href=\"https:\/\/www.got.inf.br\/site\/solucoes\/contrato-de-assistencia-tecnica\/\" target=\"_blank\" rel=\"noopener noreferrer\">Envie um formul\u00e1rio.<\/a><\/div><\/div>\n<\/div>\n<!-- AddThis Advanced Settings generic via filter on the_content -->","protected":false},"excerpt":{"rendered":"<p>Para o cliente que adquiriu os equipamentos e a garantia est\u00e1 chegando ao fim, oferecemos a extens\u00e3o da garantia. O Grupo Office Tech com este servi\u00e7o d\u00e1 a op\u00e7\u00e3o aos seus clientes, de manter as mesmas condi\u00e7\u00f5es da garantia originalmente contratada juntamente com os equipamentos. Consulte as condi\u00e7\u00f5es de contrata\u00e7\u00e3o, preenchendo o formul\u00e1rio: [&#8230;]<\/p>\n<p><a class=\"btn btn-secondary understrap-read-more-link\" href=\"https:\/\/www.got.inf.br\/site\/solucoes\/contrato-de-assistencia-tecnica\/\">Leia mais&#8230;<span class=\"screen-reader-text\"> from Contrato de Assist\u00eancia T\u00e9cnica \/ Garantia Estendida<\/span><\/a><\/p>\n<p><!-- AddThis Advanced Settings generic via filter on get_the_excerpt --><\/p>\n","protected":false},"author":1,"featured_media":431,"parent":57,"menu_order":0,"comment_status":"closed","ping_status":"closed","template":"","meta":{"_uag_custom_page_level_css":"","jetpack_post_was_ever_published":false},"uagb_featured_image_src":{"full":["https:\/\/i0.wp.com\/www.got.inf.br\/site\/wp-content\/uploads\/2019\/03\/Banner-assist-tecnica-1.jpg?fit=2998%2C781&ssl=1",2998,781,false],"thumbnail":["https:\/\/i0.wp.com\/www.got.inf.br\/site\/wp-content\/uploads\/2019\/03\/Banner-assist-tecnica-1.jpg?resize=150%2C150&ssl=1",150,150,true],"medium":["https:\/\/i0.wp.com\/www.got.inf.br\/site\/wp-content\/uploads\/2019\/03\/Banner-assist-tecnica-1.jpg?fit=300%2C78&ssl=1",300,78,true],"medium_large":["https:\/\/i0.wp.com\/www.got.inf.br\/site\/wp-content\/uploads\/2019\/03\/Banner-assist-tecnica-1.jpg?fit=640%2C167&ssl=1",640,167,true],"large":["https:\/\/i0.wp.com\/www.got.inf.br\/site\/wp-content\/uploads\/2019\/03\/Banner-assist-tecnica-1.jpg?fit=640%2C167&ssl=1",640,167,true],"1536x1536":["https:\/\/i0.wp.com\/www.got.inf.br\/site\/wp-content\/uploads\/2019\/03\/Banner-assist-tecnica-1.jpg?fit=1536%2C400&ssl=1",1536,400,true],"2048x2048":["https:\/\/i0.wp.com\/www.got.inf.br\/site\/wp-content\/uploads\/2019\/03\/Banner-assist-tecnica-1.jpg?fit=2048%2C534&ssl=1",2048,534,true],"jetpack-portfolio-admin-thumb":["https:\/\/i0.wp.com\/www.got.inf.br\/site\/wp-content\/uploads\/2019\/03\/Banner-assist-tecnica-1.jpg?resize=50%2C50&ssl=1",50,50,true]},"uagb_author_info":{"display_name":"admin","author_link":"https:\/\/www.got.inf.br\/site\/author\/admin\/"},"uagb_comment_info":0,"uagb_excerpt":"Para o cliente que adquiriu os equipamentos e a garantia est\u00e1 chegando ao fim, oferecemos a extens\u00e3o da garantia. O Grupo Office Tech com este servi\u00e7o d\u00e1 a op\u00e7\u00e3o aos seus clientes, de manter as mesmas condi\u00e7\u00f5es da garantia originalmente contratada juntamente com os equipamentos. Consulte as condi\u00e7\u00f5es de contrata\u00e7\u00e3o, preenchendo o formul\u00e1rio: [...]Leia mais...&hellip;","jetpack_sharing_enabled":true,"jetpack_shortlink":"https:\/\/wp.me\/PaFYP5-3j","_links":{"self":[{"href":"https:\/\/www.got.inf.br\/site\/wp-json\/wp\/v2\/pages\/205"}],"collection":[{"href":"https:\/\/www.got.inf.br\/site\/wp-json\/wp\/v2\/pages"}],"about":[{"href":"https:\/\/www.got.inf.br\/site\/wp-json\/wp\/v2\/types\/page"}],"author":[{"embeddable":true,"href":"https:\/\/www.got.inf.br\/site\/wp-json\/wp\/v2\/users\/1"}],"replies":[{"embeddable":true,"href":"https:\/\/www.got.inf.br\/site\/wp-json\/wp\/v2\/comments?post=205"}],"version-history":[{"count":15,"href":"https:\/\/www.got.inf.br\/site\/wp-json\/wp\/v2\/pages\/205\/revisions"}],"predecessor-version":[{"id":6524,"href":"https:\/\/www.got.inf.br\/site\/wp-json\/wp\/v2\/pages\/205\/revisions\/6524"}],"up":[{"embeddable":true,"href":"https:\/\/www.got.inf.br\/site\/wp-json\/wp\/v2\/pages\/57"}],"wp:featuredmedia":[{"embeddable":true,"href":"https:\/\/www.got.inf.br\/site\/wp-json\/wp\/v2\/media\/431"}],"wp:attachment":[{"href":"https:\/\/www.got.inf.br\/site\/wp-json\/wp\/v2\/media?parent=205"}],"curies":[{"name":"wp","href":"https:\/\/api.w.org\/{rel}","templated":true}]}}