{"id":196,"date":"2019-02-10T21:44:15","date_gmt":"2019-02-10T23:44:15","guid":{"rendered":"http:\/\/got3.hospedagemdesites.ws\/site\/?page_id=196"},"modified":"2019-03-30T21:45:39","modified_gmt":"2019-03-31T00:45:39","slug":"locacao-2","status":"publish","type":"page","link":"https:\/\/www.got.inf.br\/site\/solucoes\/locacao-2\/","title":{"rendered":"Loca\u00e7\u00e3o"},"content":{"rendered":"\n<hr class=\"wp-block-separator\"\/>\n\n\n\n<div class=\"is-layout-flex wp-container-3 wp-block-columns has-2-columns\">\n<div class=\"is-layout-flow wp-block-column\">\n<p class=\"has-medium-font-size\">Existem v\u00e1rias formas de cobran\u00e7a pelos servi\u00e7os listados:<\/p>\n\n\n\n<ol><li>Pagamento por produ\u00e7\u00e3o realizada<\/li><li>Taxa de loca\u00e7\u00e3o + franquia por p\u00e1gina impressa<\/li><li>Franquia mensal, sem cobran\u00e7a de taxa fixa de\nloca\u00e7\u00e3o por equipamento.<\/li><\/ol>\n\n\n\n<p class=\"has-medium-font-size\">Entre em contato conosco preenchendo o formul\u00e1rio abaixo e fa\u00e7a sua\nsolicita\u00e7\u00e3o, de acordo com as suas necessidades.\n\nTeremos\nprazer em atende-lo.\n\n\n\n<\/p>\n\n\n\n<p class=\"has-medium-font-size\"><em><strong>Teremos prazer em atende-lo.<\/strong><\/em><\/p>\n<\/div>\n\n\n\n<div class=\"is-layout-flow wp-block-column\">\n<h3>Necessidade de utiliza\u00e7\u00e3o do equipamento:<\/h3>\n\n\n<div class=\"wp-block-jetpack-contact-form customform\"><a href=\"https:\/\/www.got.inf.br\/site\/solucoes\/locacao-2\/\" target=\"_blank\" rel=\"noopener noreferrer\">Envie um formul\u00e1rio.<\/a><\/div><\/div>\n<\/div>\n<!-- AddThis Advanced Settings generic via filter on the_content -->","protected":false},"excerpt":{"rendered":"<p>Existem v\u00e1rias formas de cobran\u00e7a pelos servi\u00e7os listados: Pagamento por produ\u00e7\u00e3o realizada Taxa de loca\u00e7\u00e3o + franquia por p\u00e1gina impressa Franquia mensal, sem cobran\u00e7a de taxa fixa de loca\u00e7\u00e3o por equipamento. Entre em contato conosco preenchendo o formul\u00e1rio abaixo e fa\u00e7a sua solicita\u00e7\u00e3o, de acordo com as suas necessidades. Teremos prazer em atende-lo. Teremos prazer [&#8230;]<\/p>\n<p><a class=\"btn btn-secondary understrap-read-more-link\" href=\"https:\/\/www.got.inf.br\/site\/solucoes\/locacao-2\/\">Leia mais&#8230;<span class=\"screen-reader-text\"> from Loca\u00e7\u00e3o<\/span><\/a><\/p>\n<p><!-- AddThis Advanced Settings generic via filter on get_the_excerpt --><\/p>\n","protected":false},"author":1,"featured_media":254,"parent":57,"menu_order":0,"comment_status":"closed","ping_status":"closed","template":"","meta":{"_uag_custom_page_level_css":"","jetpack_post_was_ever_published":false},"uagb_featured_image_src":{"full":["https:\/\/i0.wp.com\/www.got.inf.br\/site\/wp-content\/uploads\/2019\/02\/aluguel-1.jpg?fit=2998%2C781&ssl=1",2998,781,false],"thumbnail":["https:\/\/i0.wp.com\/www.got.inf.br\/site\/wp-content\/uploads\/2019\/02\/aluguel-1.jpg?resize=150%2C150&ssl=1",150,150,true],"medium":["https:\/\/i0.wp.com\/www.got.inf.br\/site\/wp-content\/uploads\/2019\/02\/aluguel-1.jpg?fit=300%2C78&ssl=1",300,78,true],"medium_large":["https:\/\/i0.wp.com\/www.got.inf.br\/site\/wp-content\/uploads\/2019\/02\/aluguel-1.jpg?fit=640%2C167&ssl=1",640,167,true],"large":["https:\/\/i0.wp.com\/www.got.inf.br\/site\/wp-content\/uploads\/2019\/02\/aluguel-1.jpg?fit=640%2C167&ssl=1",640,167,true],"1536x1536":["https:\/\/i0.wp.com\/www.got.inf.br\/site\/wp-content\/uploads\/2019\/02\/aluguel-1.jpg?fit=1536%2C400&ssl=1",1536,400,true],"2048x2048":["https:\/\/i0.wp.com\/www.got.inf.br\/site\/wp-content\/uploads\/2019\/02\/aluguel-1.jpg?fit=2048%2C534&ssl=1",2048,534,true],"jetpack-portfolio-admin-thumb":["https:\/\/i0.wp.com\/www.got.inf.br\/site\/wp-content\/uploads\/2019\/02\/aluguel-1.jpg?resize=50%2C50&ssl=1",50,50,true]},"uagb_author_info":{"display_name":"admin","author_link":"https:\/\/www.got.inf.br\/site\/author\/admin\/"},"uagb_comment_info":0,"uagb_excerpt":"Existem v\u00e1rias formas de cobran\u00e7a pelos servi\u00e7os listados: Pagamento por produ\u00e7\u00e3o realizada Taxa de loca\u00e7\u00e3o + franquia por p\u00e1gina impressa Franquia mensal, sem cobran\u00e7a de taxa fixa de loca\u00e7\u00e3o por equipamento. Entre em contato conosco preenchendo o formul\u00e1rio abaixo e fa\u00e7a sua solicita\u00e7\u00e3o, de acordo com as suas necessidades. Teremos prazer em atende-lo. Teremos prazer&hellip;","jetpack_sharing_enabled":true,"jetpack_shortlink":"https:\/\/wp.me\/PaFYP5-3a","_links":{"self":[{"href":"https:\/\/www.got.inf.br\/site\/wp-json\/wp\/v2\/pages\/196"}],"collection":[{"href":"https:\/\/www.got.inf.br\/site\/wp-json\/wp\/v2\/pages"}],"about":[{"href":"https:\/\/www.got.inf.br\/site\/wp-json\/wp\/v2\/types\/page"}],"author":[{"embeddable":true,"href":"https:\/\/www.got.inf.br\/site\/wp-json\/wp\/v2\/users\/1"}],"replies":[{"embeddable":true,"href":"https:\/\/www.got.inf.br\/site\/wp-json\/wp\/v2\/comments?post=196"}],"version-history":[{"count":7,"href":"https:\/\/www.got.inf.br\/site\/wp-json\/wp\/v2\/pages\/196\/revisions"}],"predecessor-version":[{"id":667,"href":"https:\/\/www.got.inf.br\/site\/wp-json\/wp\/v2\/pages\/196\/revisions\/667"}],"up":[{"embeddable":true,"href":"https:\/\/www.got.inf.br\/site\/wp-json\/wp\/v2\/pages\/57"}],"wp:featuredmedia":[{"embeddable":true,"href":"https:\/\/www.got.inf.br\/site\/wp-json\/wp\/v2\/media\/254"}],"wp:attachment":[{"href":"https:\/\/www.got.inf.br\/site\/wp-json\/wp\/v2\/media?parent=196"}],"curies":[{"name":"wp","href":"https:\/\/api.w.org\/{rel}","templated":true}]}}